{"id":195,"date":"2024-03-04T10:23:12","date_gmt":"2024-03-04T13:23:12","guid":{"rendered":"https:\/\/raaa66.iar.unlp.edu.ar\/?page_id=195"},"modified":"2024-08-07T10:10:48","modified_gmt":"2024-08-07T13:10:48","slug":"inscrip","status":"publish","type":"page","link":"https:\/\/raaa66.iar.unlp.edu.ar\/index.php\/inscrip\/","title":{"rendered":"Inscripci\u00f3n"},"content":{"rendered":"\n<p class=\"has-text-align-center has-large-font-size\"><a href=\"https:\/\/forms.gle\/RHkN6yjmNeFQpgr98\">Formulario de inscripci\u00f3n<\/a><\/p>\n\n\n\n<h3 class=\"wp-block-heading\">Fechas importantes<\/h3>\n\n\n\n<figure class=\"wp-block-table is-style-regular\"><table class=\"has-background\" style=\"background-color:#d4d4f1\"><tbody><tr><td>Preinscripci\u00f3n<\/td><td class=\"has-text-align-left\" data-align=\"left\">2 al 12 de mayo<\/td><\/tr><tr><td>Inscripci\u00f3n Anticipada<\/td><td class=\"has-text-align-left\" data-align=\"left\">13 de mayo al 30 de junio<\/td><\/tr><tr><td>Inscripci\u00f3n Temprana<\/td><td class=\"has-text-align-left\" data-align=\"left\">1 al 31 de julio<\/td><\/tr><tr><td>Inscripci\u00f3n Regular<\/td><td class=\"has-text-align-left\" data-align=\"left\">desde el 1 de agosto<\/td><\/tr><tr><td>Env\u00edo de res\u00famenes<\/td><td class=\"has-text-align-left\" data-align=\"left\">1 al 30 de junio<\/td><\/tr><\/tbody><\/table><\/figure>\n\n\n\n<h4 class=\"wp-block-heading\">Inscripci\u00f3n<\/h4>\n\n\n\n<p><strong>La inscripci\u00f3n se habilitar\u00e1 a partir del 13 de mayo<\/strong>.<\/p>\n\n\n\n<p>Para estar inscripto en la RAAA 66 tiene que realizar los siguientes tres pasos:<\/p>\n\n\n\n<ol>\n<li>Completar sus datos en el <strong><a href=\"https:\/\/forms.gle\/RHkN6yjmNeFQpgr98\">formulario de inscripci\u00f3n<\/a><\/strong> (disponible a partir del 13 de mayo).<\/li>\n<\/ol>\n\n\n\n<ol start=\"2\">\n<li>Realizar el pago de su inscripci\u00f3n a trav\u00e9s de una transferencia bancaria a la cuenta corriente de la Asociaci\u00f3n Argentina de Astronom\u00eda:<\/li>\n<\/ol>\n\n\n\n<p>Banco BBVA<\/p>\n\n\n\n<p class=\"is-style-plain\">CBU: 0170309020000031559542<br>alias: aaastro<br>Titular: Asociaci\u00f3n Argentina de Astronom\u00eda<br>CUIT 30-70968119-9<br>Cuenta corriente en pesos N\u00ba 309-315595\/4<\/p>\n\n\n\n<ol start=\"3\">\n<li>Enviar el comprobante de pago a los siguientes correos electr\u00f3nicos: <a href=\"mailto:raaa66@iar.unlp.edu.ar\">raaa66@iar.unlp.edu.ar<\/a> y <a href=\"mailto:aaatesoreria@gmail.com\">aaatesoreria@gmail.com<\/a> En el asunto del correo debe ser \u201cInscripci\u00f3n: Nombre y Apellido\u201d.<\/li>\n<\/ol>\n\n\n\n<p>El valor de la tasa de inscripci\u00f3n depende de la fecha en que realice el pago de la misma, tal como se consigna en el siguiente cuadro<\/p>\n\n\n\n<figure class=\"wp-block-table has-medium-font-size\"><table class=\"has-background\" style=\"background-color:#d4d4f1\"><tbody><tr><td rowspan=\"3\"><\/td><td rowspan=\"3\"><strong>Tipo de participaci\u00f3n<\/strong><\/td><td colspan=\"3\">Inscripci\u00f3n<\/td><\/tr><tr><td>Anticipada<\/td><td>Temprana<\/td><td>Regular<\/td><\/tr><tr><td>13\/05-30\/06<\/td><td>1\/07-31\/07<\/td><td>Desde el 1\/08<\/td><\/tr><tr><td rowspan=\"3\">Socios (*)<\/td><td>Profesionales, Adherentes o Aficionados<\/td><td>$15000<\/td><td>$20000<\/td><td>$60000<\/td><\/tr><tr><td>Profesionales o Adherentes que siendo estudiantes de doctorado presenten contribuci\u00f3n<\/td><td>$7500<\/td><td>$10000<\/td><td>$30000<\/td><\/tr><tr><td>Adherentes que sean estudiantes de grado&nbsp;<\/td><td>$7500<\/td><td>$10000<\/td><td>$30000<\/td><\/tr><tr><td rowspan=\"2\">No Socios<\/td><td>Estudiantes de grado<\/td><td>$22500<\/td><td>$30000<\/td><td>$90000<\/td><\/tr><tr><td>Estudiantes de doctorado, posgrado, investigadores, otros<\/td><td>$45000<\/td><td>$60000<\/td><td>$180000<\/td><\/tr><\/tbody><\/table><\/figure>\n\n\n\n<p>(*)Sin adeudar cuotas al momento de la inscripci\u00f3n.<\/p>\n\n\n\n<p>Si Ud. es miembro de la Asociaci\u00f3n F\u00edsica Argentina (AFA), tenga en cuenta la siguiente relaci\u00f3n entre las categor\u00edas societarias de la AFA y las de la AAA:&nbsp;<\/p>\n\n\n\n<p>Estudiante (AFA) &nbsp; ~ &nbsp; Adherente (AAA)<br>&nbsp; &nbsp; Activo (AFA) &nbsp; &nbsp; &nbsp; ~ &nbsp; Profesional (AAA)<br>Honorario (AFA)&nbsp; &nbsp; ~ &nbsp; Honorario (AAA)<\/p>\n\n\n\n<p><strong>NOTA IMPORTANTE:<\/strong> el valor de la inscripci\u00f3n regular fue establecido de acuerdo al Art. 16\u00b0 del <a href=\"http:\/\/www.astronomiaargentina.org.ar\/uploads\/docs\/reglamento_reuniones_2023.pdf\">Reglamento de reuniones de la AAA<\/a>. En el a\u00f1o 2024, 1 U = $60000, que corresponde a la cuota anual del socio Profesional.<\/p>\n\n\n\n<p>Dada la actual crisis econ\u00f3mica que atraviesa la Argentina, el COL estableci\u00f3 dos instancias de inscripci\u00f3n (anticipada y temprana) cuyo valor corresponde a \u00bc y \u2153 de la inscripci\u00f3n regular de la respectiva categor\u00eda, con el fin de hacer m\u00e1s accesible la participaci\u00f3n en la reuni\u00f3n.<\/p>\n\n\n\n<h4 class=\"wp-block-heading\" style=\"font-style:normal;font-weight:400\">Requisitos para confeccionar la factura de inscripci\u00f3n<\/h4>\n\n\n\n<p>Enviar estos datos a la tesorer\u00eda de la Asociaci\u00f3n <a href=\"mailto:aaatesoreria@gmail.com\">aaatesoreria@gmail.com<\/a> al momento de la inscripci\u00f3n.<\/p>\n\n\n\n<p class=\"has-small-font-size\"><strong>Quienes paguen de su propio peculio<\/strong><\/p>\n\n\n\n<ul>\n<li>Nombre y apellido del titular<\/li>\n\n\n\n<li>CUIT o CUIL del titular<\/li>\n<\/ul>\n\n\n\n<p class=\"has-small-font-size\"><strong>Quienes paguen con un subsidio<\/strong><\/p>\n\n\n\n<ul>\n<li>Nombre y apellido\/ instituci\u00f3n titular de la factura<\/li>\n\n\n\n<li>CUIT o CUIL del titular<\/li>\n\n\n\n<li>Condici\u00f3n frente al IVA del titular<\/li>\n\n\n\n<li>Detalle del motivo por el cual se hace la factura, puede ser m\u00e1s de uno<\/li>\n\n\n\n<li>Monto de cada detalle y monto total.<\/li>\n\n\n\n<li>Leyenda adicional requerida en caso de ser presentada en subsidio<\/li>\n<\/ul>\n\n\n\n<h4 class=\"wp-block-heading\">Ayuda econ\u00f3mica<\/h4>\n\n\n\n<p>Puede solicitarse cuando se realice <strong><a href=\"https:\/\/forms.gle\/DWjC6gimAmeofxMk7\">la inscripci\u00f3n<\/a><\/strong> a trav\u00e9s del mismo formulario. La misma ser\u00e1 otorgada, de acuerdo a los fondos con los que cuente el COL de la reuni\u00f3n y se informar\u00e1 oportunamente. Los estudiantes SOCIOS de la AAA, que presenten trabajos, tendr\u00e1n prioridad para la asignaci\u00f3n de ayudas econ\u00f3micas en el marco de la reglamentaci\u00f3n vigente.<\/p>\n\n\n\n<div style=\"height:100px\" aria-hidden=\"true\" class=\"wp-block-spacer\"><\/div>\n","protected":false},"excerpt":{"rendered":"<p>Formulario de inscripci\u00f3n Fechas importantes Preinscripci\u00f3n 2 al 12 de mayo Inscripci\u00f3n Anticipada 13 de mayo al 30 de junio Inscripci\u00f3n Temprana 1 al 31 de julio Inscripci\u00f3n Regular desde el 1 de agosto Env\u00edo de res\u00famenes 1 al 30 de junio Inscripci\u00f3n La inscripci\u00f3n se habilitar\u00e1 a partir del 13 de mayo. Para estar [&hellip;]<\/p>\n","protected":false},"author":1,"featured_media":0,"parent":0,"menu_order":0,"comment_status":"closed","ping_status":"closed","template":"","meta":{"footnotes":""},"_links":{"self":[{"href":"https:\/\/raaa66.iar.unlp.edu.ar\/index.php\/wp-json\/wp\/v2\/pages\/195"}],"collection":[{"href":"https:\/\/raaa66.iar.unlp.edu.ar\/index.php\/wp-json\/wp\/v2\/pages"}],"about":[{"href":"https:\/\/raaa66.iar.unlp.edu.ar\/index.php\/wp-json\/wp\/v2\/types\/page"}],"author":[{"embeddable":true,"href":"https:\/\/raaa66.iar.unlp.edu.ar\/index.php\/wp-json\/wp\/v2\/users\/1"}],"replies":[{"embeddable":true,"href":"https:\/\/raaa66.iar.unlp.edu.ar\/index.php\/wp-json\/wp\/v2\/comments?post=195"}],"version-history":[{"count":45,"href":"https:\/\/raaa66.iar.unlp.edu.ar\/index.php\/wp-json\/wp\/v2\/pages\/195\/revisions"}],"predecessor-version":[{"id":864,"href":"https:\/\/raaa66.iar.unlp.edu.ar\/index.php\/wp-json\/wp\/v2\/pages\/195\/revisions\/864"}],"wp:attachment":[{"href":"https:\/\/raaa66.iar.unlp.edu.ar\/index.php\/wp-json\/wp\/v2\/media?parent=195"}],"curies":[{"name":"wp","href":"https:\/\/api.w.org\/{rel}","templated":true}]}}