{"id":859,"date":"2024-08-07T10:08:31","date_gmt":"2024-08-07T13:08:31","guid":{"rendered":"https:\/\/raaa66.iar.unlp.edu.ar\/?page_id=859"},"modified":"2024-09-14T09:31:12","modified_gmt":"2024-09-14T12:31:12","slug":"listado-de-inscriptos","status":"publish","type":"page","link":"https:\/\/raaa66.iar.unlp.edu.ar\/index.php\/listado-de-inscriptos\/","title":{"rendered":"Listado de inscriptos"},"content":{"rendered":"\n<h4 class=\"wp-block-heading has-medium-font-size\"><strong><span style=\"text-decoration: underline;\">Importante<\/span>:<\/strong> se consideran inscriptos quienes hayan completado el formulario de inscripci\u00f3n y hayan abonado los cargos correspondientes.<\/h4>\n\n\n\n<figure class=\"wp-block-table\"><table class=\"has-background\" style=\"background-color:#d4d4f1\"><tbody><tr><td>Abaroa, Leandro<\/td><td>Instituto Argentino de Radioastronom\u00eda<\/td><\/tr><tr><td>Abrevaya, Ximena<\/td><td>IAFE<\/td><\/tr><tr><td>Acosta, Victoria<\/td><td>Facultad de Ciencias Astron\u00f3micas y Geof\u00edsicas, UNLP<\/td><\/tr><tr><td>Ahumada, Javier Alejandro<\/td><td>Observatorio Astron\u00f3mico de la Universidad Nacional de C\u00f3rdoba<\/td><\/tr><tr><td>Aidelman, Yael Judith<\/td><td>IALP (CONICET-UNLP) y FCAG (UNLP)<\/td><\/tr><tr><td>Alberici, Adam Aldana<\/td><td>Instituto de Astrof\u00edsica de La Plata (IALP) &#8211; CONICET<\/td><\/tr><tr><td>Alga\u00f1ar\u00e1s, Aldana<\/td><td>Facultad de Ciencias Astron\u00f3micas y Geof\u00edsicas<\/td><\/tr><tr><td>Ans\u00edn, Tom\u00e1s<\/td><td>FCAG &#8211; IALP<\/td><\/tr><tr><td>Araujo Furlan, Susana Beatriz<\/td><td>IATE &#8211; FAMAF<\/td><\/tr><tr><td>Arg\u00fcelles, Carlos Ra\u00fal<\/td><td>IALP<\/td><\/tr><tr><td>Astudillo, Juli\u00e1n<\/td><td>FCAG<\/td><\/tr><tr><td>Badaracco, Marina Bel\u00e9n<\/td><td>IAFE<\/td><\/tr><tr><td>Baracchi, Marcos Adrian Josue<\/td><td>FAMAF &#8211; OAC<\/td><\/tr><tr><td>Barrera, Facundo Nahuel<\/td><td>Instituto Geogr\u00e1fico Nacional<\/td><\/tr><tr><td>Bartolomeo Koninckx, Leandro<\/td><td>IALP &#8211; FCAGLP<\/td><\/tr><tr><td>Baume Gustavo, Luis<\/td><td>FCAG (UNLP) &#8211; IALP (Conicet-UNLP)<\/td><\/tr><tr><td>Brand, Martin Digby Godfrey<\/td><td>Facultad de Ciencias Astron\u00f3micas y Geof\u00edsicas, UNLP<\/td><\/tr><tr><td>Bellavita, Candela Abril<\/td><td>IAR<\/td><\/tr><tr><td>Benaglia, Luc\u00eda<\/td><td>IAR<\/td><\/tr><tr><td>Benaglia, Paula<\/td><td>IAR<\/td><\/tr><tr><td>Bengochea, Gabriel Rom\u00e1n<\/td><td>IAFE (CONICET-UBA)<\/td><\/tr><tr><td>Bersten, Melina Cecilia<\/td><td>IALP<\/td><\/tr><tr><td>Biaus, Luis<\/td><td>UBA, FCEyN, Departamento de F\u00edsica<\/td><\/tr><tr><td>Bignone, Lucas<\/td><td>IAFE<\/td><\/tr><tr><td>Boeris, Claudia Evelina<\/td><td>IAR<\/td><\/tr><tr><td>Boland, Agustin<\/td><td>FCAGLP &#8211; IALP<\/td><\/tr><tr><td>Bozzoli , Maximiliano<\/td><td>Universidad Nacional de C\u00f3rdoba<\/td><\/tr><tr><td>Buccino, Andrea<\/td><td>IAFE (UBA-CONICET)<\/td><\/tr><tr><td>Bueno, Jos\u00edas Leonel<\/td><td>FCAGF-UNLP<\/td><\/tr><tr><td>Burrafato, Yamila Daniela&nbsp;<\/td><td>UBA<\/td><\/tr><tr><td>Bustelo, Victoria&nbsp;<\/td><td>FCAGLP, UNLP<\/td><\/tr><tr><td>Bustillos Rava, Jorge Federico<\/td><td>Universidad Nacional de C\u00f3rdoba<\/td><\/tr><tr><td>Bustos Fierro, Iv\u00e1n Heriberto<\/td><td>Observatorio Astron\u00f3mico de C\u00f3rdoba<\/td><\/tr><tr><td>Butron, Roberto<\/td><td>FECEN UNCUYO<\/td><\/tr><tr><td>Cabral, Luca Federico<\/td><td>Instituto Argentino de Radioastronom\u00eda<\/td><\/tr><tr><td>Cabral, Rodrigo Nicol\u00e1s<\/td><td>Facultad de Ciencias, Universidad de la Rep\u00fablica, Montevideo, Uruguay<\/td><\/tr><tr><td>Calcaferro, Leila M.<\/td><td>IALP &#8211; CONICET &#8211; UNLP<\/td><\/tr><tr><td>Callen, Ailen Rocio<\/td><td>FaMAF &#8211; OAC &#8211; UNC<\/td><\/tr><tr><td>Camino, N\u00e9stor Eduardo<\/td><td>CONICET &#8211; FHCS UNPSJB<\/td><\/tr><tr><td>Camperi, Javier<\/td><td>OAC &#8211; UNC<\/td><\/tr><tr><td>Canullan Pascual, Martin Oscar<\/td><td>fcaglp<\/td><\/tr><tr><td>Carballo, Camila Celeste<\/td><td>FCAG-UNLP<\/td><\/tr><tr><td>Carvalho, Lautaro<\/td><td>Instituto de Astronom\u00eda y F\u00edsica del Espacio (IAFE)<\/td><\/tr><tr><td>Carranza,\u00a0Lautaro Ezequiel<\/td><td>FCAGLP<\/td><\/tr><tr><td>Caso, Juan Pablo<\/td><td>IALP<\/td><\/tr><tr><td>Castagnino, Jos\u00e9<\/td><td>FCEN-UBA<\/td><\/tr><tr><td>Castelletti, Gabriela<\/td><td>Instituto de Astronom\u00eda y F\u00edsica&nbsp; del Espacio (IAFE)<\/td><\/tr><tr><td>Castro, Marina Alejandra<\/td><td>FCAG, UNLP<\/td><\/tr><tr><td>Cecere , Mariana Andrea<\/td><td>IATE<\/td><\/tr><tr><td>Celi, Marcos Osvaldo<\/td><td>FCAG-UNLP<\/td><\/tr><tr><td>Cellone, Sergio A.<\/td><td>CASLEO (CONICET &#8211; UNLP &#8211; UNC &#8211; UNSJ)<\/td><\/tr><tr><td>Cerdosino, Maria Candela<\/td><td>IATE (CONICET) &#8211; FaMAF<\/td><\/tr><tr><td>Chacon, Sabrina Alejandra<\/td><td>Universidad Nacional de La Plata<\/td><\/tr><tr><td>Chilese, Romina<\/td><td>IAR<\/td><\/tr><tr><td>Cichowolski, Silvina<\/td><td>IAFE<\/td><\/tr><tr><td>Cochetti, Yanina<\/td><td>IALP &#8211; FCAG<\/td><\/tr><tr><td>Colazo, Marcelo Eduardo<\/td><td>CONAE<\/td><\/tr><tr><td>Colazo, Agustina del Valle<\/td><td>Facultad de&nbsp; Matem\u00e1tica, Astronom\u00eda, F\u00edsica y Computaci\u00f3n, UNC<\/td><\/tr><tr><td>Colazo, Patricio<\/td><td>IATE<\/td><\/tr><tr><td>Collado, Ana Elisa&nbsp;<\/td><td>ICATE (CONICET, UNSJ)<\/td><\/tr><tr><td>Collazo, Santiago<\/td><td>Instituto de Astrof\u00edsica de La Plata<\/td><\/tr><tr><td>Colombo, Priscila Daiana<\/td><td>Instituto de Astronom\u00eda y F\u00edsica del Espacio (IAFE)<\/td><\/tr><tr><td>Cora, Sof\u00eda Alejandra<\/td><td>Instituto de Astrof\u00edsica de La Plata<\/td><\/tr><tr><td>Correa, Agust\u00ecn Exequiel<\/td><td>FCAG &#8211; UNLP<\/td><\/tr><tr><td>C\u00f3rsico, Alejandro Hugo<\/td><td>Facultad de Ciencias Astron\u00f3micas y Geof\u00edsicas, Universidad Nacional de La Plata<\/td><\/tr><tr><td>Corti, Mariela Alejandra<\/td><td>Fac. de Ciencias Astron\u00f3micas y Geof\u00edsicas &#8211; Instituto Argentino de Radioastronom\u00eda<\/td><\/tr><tr><td>Costanza, Mar\u00eda Bel\u00e9n<\/td><td>FCAG-UNLP<\/td><\/tr><tr><td>Cotrina Ruiz, Jose Luis<\/td><td>FCAG, UNLP<\/td><\/tr><tr><td>Crespi, Valentina<\/td><td>Instituto de Astrof\u00edsica de La Plata<\/td><\/tr><tr><td>Crisci, Elio Oscar<\/td><td>IALP- UNLP<\/td><\/tr><tr><td>Cristiani, Germ\u00e1n<\/td><td>Instituto de Astronom\u00eda y F\u00edsica del Espacio<\/td><\/tr><tr><td>Cruz Sanchez, Nelson Eduardo<\/td><td>Facultad de Ciencias Astron\u00f3micas y Geof\u00edsicas<\/td><\/tr><tr><td>Damia Rinc\u00f3n, Camila<\/td><td>Facultad de Ciencias Astron\u00f3micas y Geof\u00edsicas &#8211; UNLP<\/td><\/tr><tr><td>De Biasi, Mar\u00eda Silvina<\/td><td>Facultad de Ciencias Astron\u00f3micas y Geof\u00edsicas, UNLP ; Instituto de Astrof\u00edsica de La Plata (CCT La PLata CONICET)<\/td><\/tr><tr><td>De Bortoli, Bruno<\/td><td>IALP (UNLP-CONICET)<\/td><\/tr><tr><td>De Laurenti, Miguel \u00c1ngel<\/td><td>Observatorio Astron\u00f3mico Municipal Mercedes<\/td><\/tr><tr><td>De Rossi, Mar\u00eda Emilia<\/td><td>Instituto de Astronom\u00eda y F\u00edsica del Espacio<\/td><\/tr><tr><td>De Vito , Maria Alejandra<\/td><td>FCAGLP &#8211; IALP<\/td><\/tr><tr><td>del Valle, Maria Victoria<\/td><td>IAG &#8211; Universidade de S\u00e3o Paulo<\/td><\/tr><tr><td>Deluca, Ariel<\/td><td>FCAGLP<\/td><\/tr><tr><td>Delvechio, Sara<\/td><td>Universidad Nacional de La Plata&nbsp;<\/td><\/tr><tr><td>Di Gregorio, Chiara<\/td><td>Facultad de Ciencias Astron\u00f3micas y Geof\u00edsicas de La Plata<\/td><\/tr><tr><td>Di Sisto, Romina Paula<\/td><td>IALP<\/td><\/tr><tr><td>Diaz, Gonzalo<\/td><td>Observatorio Astron\u00f3mico de C\u00f3rdoba, UNC<\/td><\/tr><tr><td>D\u00edaz, Rodrigo Fernando<\/td><td>Instituto de Ciencias F\u00edsicas (UNSAM \/ CONICET)<\/td><\/tr><tr><td>Dubner, Gloria<\/td><td>IAFE<\/td><\/tr><tr><td>Duronea, Nicolas Urbano<\/td><td>Instituto de Astrof\u00edsica de La Plata<\/td><\/tr><tr><td>Eguren Brown, Jordi<\/td><td>FCAG<\/td><\/tr><tr><td>Eirin, Matias Eduardo Juan<\/td><td>UNLP<\/td><\/tr><tr><td>Errico, Adriana<\/td><td>University of Southern Queensland<\/td><\/tr><tr><td>Ertola Urtubey, Milos<\/td><td>Facultad de Ciencias Astron\u00f3micas y Geof\u00edsicas de La Plata<\/td><\/tr><tr><td>Escobar, Gaston<\/td><td>Dipartimento di Fisica e Astronomia Galileo Galilei, Universidad de Padova, Italia<\/td><\/tr><tr><td>Escudero, Carlos<\/td><td>IALP (CONICET-UNLP)<\/td><\/tr><tr><td>Etchegoyen, Mar\u00eda del Rosario<\/td><td>Instituto Geogr\u00e1fico Nacional<\/td><\/tr><tr><td>Faifer, Favio Ra\u00fal<\/td><td>Instituto de Astrof\u00edsica de La Plata<\/td><\/tr><tr><td>Feinstein, Carlos<\/td><td>FCAG\/UNLP-IALP\/Conicet<\/td><\/tr><tr><td>Fern\u00e1ndez, Laura I.<\/td><td>MAGGIA, FCAG-UNLP<\/td><\/tr><tr><td>Fernandez, Melina Carla<\/td><td>FCAGLP<\/td><\/tr><tr><td>Fern\u00e1ndez, Sof\u00eda<\/td><td>FCAGLP<\/td><\/tr><tr><td>Fern\u00e1ndez Laj\u00fas, Eduardo<\/td><td>IALP<\/td><\/tr><tr><td>Fern\u00e1ndez L\u00f3pez, Manuel<\/td><td>Instituto Argentino de Radioastronom\u00eda<\/td><\/tr><tr><td>Ferrari, Luc\u00eda<\/td><td>IALP-CONICET\/FCAG-UNLP<\/td><\/tr><tr><td>Ferreira, Guido Javier<\/td><td>FaMAF &#8211; UNC<\/td><\/tr><tr><td>Ferrero, Gabriel<\/td><td>FCAG, UNLP, IALP&nbsp;<\/td><\/tr><tr><td>Ferrero, Leticia V.<\/td><td>OAC &#8211; UNC<\/td><\/tr><tr><td>Figueroa Villavicencio, Gabriela Estefan\u00eda<\/td><td>Facultad de Ciencias Astron\u00f3micas y Geof\u00edsicas de La Plata<\/td><\/tr><tr><td>Fil\u00f3como, Agostina<\/td><td>UNRN<\/td><\/tr><tr><td>Fiorentino, Marianella&nbsp;<\/td><td>FCAGLP &#8211; UNLP<\/td><\/tr><tr><td>Fische, Nicol\u00e1s<\/td><td>FCEN-UBA<\/td><\/tr><tr><td>Flores, Tania Andrea&nbsp;<\/td><td>UNLP-FCAG<\/td><\/tr><tr><td>Fogantini, Federico A.<\/td><td>IAR<\/td><\/tr><tr><td>Folatelli, Gast\u00f3n<\/td><td>IALP<\/td><\/tr><tr><td>Francile, Carlos Natale<\/td><td>Observatorio Astron\u00f3mico F\u00e9lix Aguilar<\/td><\/tr><tr><td>Galante, Camila Ailen<\/td><td>IAR<\/td><\/tr><tr><td>Gallardo C\u00e1ceres, Mar\u00eda Cristina<\/td><td>Facultad de ciencias astron\u00f3micas y geof\u00edsicas de La Plata<\/td><\/tr><tr><td>Gancio, Guillermo<\/td><td>Instituto Argentino de Radioastronom\u00eda<\/td><\/tr><tr><td>Garc\u00eda, Luciano H\u00e9ctor<\/td><td>Observatorio Astron\u00f3mico de C\u00f3rdoba<\/td><\/tr><tr><td>Garc\u00eda, Beatriz<\/td><td>UTN-FRM<\/td><\/tr><tr><td>Garc\u00eda, Federico<\/td><td>IAR<\/td><\/tr><tr><td>Garc\u00eda, Ana Laura<\/td><td>FAMAF &#8211; UNC<\/td><\/tr><tr><td>Gim\u00e9nez de Castro, Carlos Guillermo<\/td><td>Centro de R\u00e1dio Astronomia e Astrof\u00edsica Mackenzie<\/td><\/tr><tr><td>Giorgi, Edgard<\/td><td>FCAG- IALP UNLP<\/td><\/tr><tr><td>Gir\u00f3n, Marie<\/td><td>Universidad Nacional de La Plata&nbsp;<\/td><\/tr><tr><td>Girola Schneider,\u00a0Rafael Santiago<\/td><td>Universidad Nacional de Tres de Febrero<\/td><\/tr><tr><td>Giuliani Ramos, Bruno Gabriel<\/td><td>Complejo Astron\u00f3mico El Leoncito<\/td><\/tr><tr><td>Godoy, Juliana Paula<\/td><td>FCAG<\/td><\/tr><tr><td>Gomes, Eugenia<\/td><td>Instituto de Astronom\u00eda y F\u00edsica del Espacio<\/td><\/tr><tr><td>Gomez , Jose Luis<\/td><td>IALP<\/td><\/tr><tr><td>G\u00f3mez , Mar\u00eda Eugenia<\/td><td>FCAGLP<\/td><\/tr><tr><td>G\u00f3mez , Mercedes<\/td><td>Observatorio Astron\u00f3mico Universidad Nacional de C\u00f3rdoba<\/td><\/tr><tr><td>Gomez, Gimenez Nicolas<\/td><td>Facultad de Astronom\u00eda , geof\u00edsica y meteorolog\u00eda, UNLP<\/td><\/tr><tr><td>Gomez, Otero Camila<\/td><td>Fcaglp<\/td><\/tr><tr><td>Granada, Anahi<\/td><td>Universidad Nacional de Rio Negro<\/td><\/tr><tr><td>Grimozzi, Salvador Esteban<\/td><td>Instituto de Astronom\u00eda y F\u00edsica del Espacio<\/td><\/tr><tr><td>Guilera, Octavio<\/td><td>Instituto de Astrof\u00edsica de La Plata&nbsp;<\/td><\/tr><tr><td>Gulisano, Adriana Maria<\/td><td>IAA\/DNA. IAFE(CONICET-UBA), UBA FCEN DF<\/td><\/tr><tr><td>Guzm\u00e1n Ccolque, Estrella<\/td><td>Instituto Argentino de Radioastronom\u00eda<\/td><\/tr><tr><td>Haack, Rodrigo Facundo<\/td><td>IALP<\/td><\/tr><tr><td>Hacker, Alejandro<\/td><td>International Center for Advanced Studies (ICAS), ICIFI (CONICET), ECyT-UNSAM<\/td><\/tr><tr><td>Higa, Rebeca El\u00edzabeth<\/td><td>IALP<\/td><\/tr><tr><td>Holzmann Airasca, Aldana&nbsp;<\/td><td>Instituto de Astronom\u00eda y F\u00edsica del Espacio&nbsp;<\/td><\/tr><tr><td>Hormaeche, Camila Sofia Beatriz<\/td><td>Universidad Nacional de C\u00f3rdoba<\/td><\/tr><tr><td>Illesca, Denis<\/td><td>Instituto Interdisciplinario de Ciencias B\u00e1sicas (CONICET-UNCUYO)<\/td><\/tr><tr><td>Inza, Mateo Lautaro<\/td><td>UNLP<\/td><\/tr><tr><td>Isa, Nicolas<\/td><td>UNSa<\/td><\/tr><tr><td>Iza, Federico<\/td><td>Instituto de Astronom\u00eda y F\u00edsica del Espacio (UBA-CONICET)<\/td><\/tr><tr><td>Janches, Diego<\/td><td>Goddard Space Flight Center, NASA<\/td><\/tr><tr><td>Kautz, Matiana<\/td><td>Facultad de Ciencias Astron\u00f3micas y Geof\u00edsicas de La Plata<\/td><\/tr><tr><td>Kebroth, Gianella Micol&nbsp;<\/td><td>Facultad de ciencias astron\u00f3micas y geofisicas, UNLP&nbsp;<\/td><\/tr><tr><td>Kraiselburd, Lucila<\/td><td>FCAGLP<\/td><\/tr><tr><td>Leizerovich, Mat\u00edas<\/td><td>IFIBA &#8211; CONICET<\/td><\/tr><tr><td>Levis, Selene<\/td><td>IATE (CONICET &#8211; UNC)<\/td><\/tr><tr><td>Li, Jinzeng<\/td><td>National Astronomical Observatory, Chinese Academy<\/td><\/tr><tr><td>Liotta, Giuliana<\/td><td>Universidad Nacional de La Plata &#8211; FCAG<\/td><\/tr><tr><td>Lloveras, Diego Gustavo<\/td><td>Grupo de Estudios en Heliofisica de Mendoza<\/td><\/tr><tr><td>Lo Grasso, Mat\u00edas Dami\u00e1n<\/td><td>FCAGLP, UNLP<\/td><\/tr><tr><td>Lopez, Leandro Daniel<\/td><td>Departamento de F\u00edsica, Facultad de Ciencias Exactas y Naturales, UBA, Argentina<\/td><\/tr><tr><td>L\u00f3pez, Alejandro Mart\u00edn<\/td><td>CONICET\/ ICA-UBA<\/td><\/tr><tr><td>L\u00f3pez Fuentes, Marcelo<\/td><td>Instituto de Astronom\u00eda y F\u00edsica del Espacio (IAFE, CONICET-UBA)<\/td><\/tr><tr><td>L\u00f3pez Garc\u00eda, Zulema<\/td><td><\/td><\/tr><tr><td>Luna, Gerardo Juan Manuel<\/td><td>CONICET\/UNAHUR<\/td><\/tr><tr><td>Macaroff, Tadeo Ignacio<\/td><td>Observatorio Astron\u00f3mico de C\u00f3rdoba<\/td><\/tr><tr><td>Makler, Mart\u00edn<\/td><td>ICAS-ICIFI-UNSAM\/CONICET &amp; CBPF<\/td><\/tr><tr><td>Malfesi, Clara<\/td><td>Facultad de Ciencias Astron\u00f3micas y Geof\u00edsicas, UNLP.<\/td><\/tr><tr><td>Marano Skreblin, Norberto Carlos<\/td><td>Facultad de Ciencias Astron\u00f3micas y Geof\u00edsicas de La Plata&nbsp;<\/td><\/tr><tr><td>Mari, M. Bel\u00e9n<\/td><td>Observatorio Astron\u00f3mico de C\u00f3rdoba &#8211; UNC<\/td><\/tr><tr><td>Martin, Rom\u00e1n Ciro<\/td><td>FAMAF<\/td><\/tr><tr><td>Martinez, Javier Rodrigo<\/td><td>Instituto Argentino de Radioastronom\u00eda<\/td><\/tr><tr><td>Martinez, Naila Constanza<\/td><td>IAFE &#8211; CONICET-UBA<\/td><\/tr><tr><td>Martinez, Cintia Fernanda<\/td><td>Observatorio Astron\u00f3mico de C\u00f3rdoba<\/td><\/tr><tr><td>Martinez Bezoky, Alejandra<\/td><td>OAC, FAMAF, UNC<\/td><\/tr><tr><td>Martirena Bruzzoni, Diego<\/td><td>Universidad de la Rep\u00fablica&nbsp;<\/td><\/tr><tr><td>Masini, Luciano Elian<\/td><td>FCAG<\/td><\/tr><tr><td>Maza, Natalia Lorena<\/td><td>OAFA &#8211; UNSJ<\/td><\/tr><tr><td>Mazzarella, Bruno Omar<\/td><td>Facultad de Ciencias Astron\u00f3micas y Geof\u00edsicas &#8211; UNLP<\/td><\/tr><tr><td>Mazzei, Tom\u00e1s Tob\u00edas<\/td><td>Facultad de ciencias astron\u00f3micas y geof\u00edsicas<\/td><\/tr><tr><td>Melita, Mario Daniel<\/td><td>IAFE (UBA-CONICET)<\/td><\/tr><tr><td>Mendez, Cristina Cecilia&nbsp;<\/td><td>UnSa Fac de ciencias exactas&nbsp;<\/td><\/tr><tr><td>Mendez Llorca, Axel&nbsp;<\/td><td>Instituto de Astrof\u00edsica de La Plata<\/td><\/tr><tr><td>Mercanti, Lorena Ver\u00f3nica<\/td><td>IALP &#8211; FCAG<\/td><\/tr><tr><td>Merello, Manuel<\/td><td>Universidad de Chile<\/td><\/tr><tr><td>Merlo, David Constantino&nbsp;<\/td><td>OAC-UNC<\/td><\/tr><tr><td>Merlo Azzolina, Lucas<\/td><td>FCAGLP<\/td><\/tr><tr><td>Milicich, Mijail Ayrton<\/td><td>FCAGLP<\/td><\/tr><tr><td>Miller Bertolami, Marcelo<\/td><td>IALP<\/td><\/tr><tr><td>Miranda, Bautista<\/td><td>Universidad Nacional de La Plata (UNLP)<\/td><\/tr><tr><td>Morales, Silvia Carolina<\/td><td>FCEIA-UNR<\/td><\/tr><tr><td>Mor\u00f3n, Laura Micaela<\/td><td>Universidad Nacional de Cuyo<\/td><\/tr><tr><td>Mosquera Vecchio, Lautaro<\/td><td>Facultad de Ciencias Astron\u00f3micas y Geof\u00edsicas &#8211; Universidad Nacional de La Plata<\/td><\/tr><tr><td>Mudrik, Armando<\/td><td>IDACOR-CONICET-UNC<\/td><\/tr><tr><td>Nieto, Luis Agustin<\/td><td>UNSAM<\/td><\/tr><tr><td>Nowogrodzki, Karen<\/td><td>ICIFI\/ICAS\/UNSAM\/CONICET<\/td><\/tr><tr><td>Nuevo, Federico<\/td><td>Instituto de Astronom\u00eda y F\u00edsica del Espacio (IAFE)<\/td><\/tr><tr><td>Nuza, Sebasti\u00e1n E.<\/td><td>IAFE<\/td><\/tr><tr><td>Ocampo, Martin Miguel<\/td><td>Instituto de Astrof\u00edsica de La Plata, CONICET-UNLP<\/td><\/tr><tr><td>Ojeda, Mariani Luc\u00eda<\/td><td>Facultad de Ciencias Astron\u00f3micas y Geof\u00edsicas UNLP<\/td><\/tr><tr><td>Orcajo, Santiago&nbsp;<\/td><td>Ialp fcaglp<\/td><\/tr><tr><td>Orellana, Mariana<\/td><td>CONICET \/ UNRN<\/td><\/tr><tr><td>Ortega, Mart\u00edn<\/td><td>IAFE<\/td><\/tr><tr><td>Oviedo, Carla Gabriela<\/td><td>IAFE<\/td><\/tr><tr><td>Pa\u00edz, Leonardo Gast\u00f3n<\/td><td>FCAGLP, IALP<\/td><\/tr><tr><td>Panei, Jorge Alejandro<\/td><td>IALP-FCAG<\/td><\/tr><tr><td>Paron, Sergio<\/td><td>IAFE<\/td><\/tr><tr><td>Pasquevich, Lucas Manuel<\/td><td>Facultad de Ciencias Astron\u00f3micas y Geof\u00edsicas de La Plata (FCAGLP)<\/td><\/tr><tr><td>P\u00e1ssaro, Ezequiel<\/td><td>UNLP<\/td><\/tr><tr><td>Paz, Dante<\/td><td>IATE &#8211; OAC<\/td><\/tr><tr><td>Pedron , Javier Eduardo<\/td><td>Universidad Nacional de La Plata<\/td><\/tr><tr><td>Pedrosa, Susana<\/td><td>IAFE<\/td><\/tr><tr><td>Pellizza, Leonardo J.<\/td><td>IAFE<\/td><\/tr><tr><td>Peluffo, Eliana&nbsp;<\/td><td>IAR<\/td><\/tr><tr><td>Pereiras, H\u00e9ctor Rodrigo<\/td><td>Instituto de Astrof\u00edsica de La Plata (IALP)<\/td><\/tr><tr><td>P\u00e9rez, Daniela<\/td><td>Instituto Argentino de Radioastronom\u00eda<\/td><\/tr><tr><td>Piccirilli, Mar\u00eda P\u00eda<\/td><td>FCAGLP<\/td><\/tr><tr><td>Pichel, Ana<\/td><td>IAFE<\/td><\/tr><tr><td>Pignata, Rafael Andr\u00e9s<\/td><td>Observatorio Astron\u00f3mico de C\u00f3rdoba<\/td><\/tr><tr><td>Pina, Mariel<\/td><td>Universidad de Buenos Aires \/ IAFE<\/td><\/tr><tr><td>Pintos, Iara<\/td><td>Facultad de Ciencias Astron\u00f3micas y Geof\u00edsicas, UNLP<\/td><\/tr><tr><td>Plaza, Francisco<\/td><td>fcaglp<\/td><\/tr><tr><td>Poisson, Mariano<\/td><td>Instituto de Astronom\u00eda y F\u00edsica del Espacio<\/td><\/tr><tr><td>Ramos, Camila<\/td><td>FCAGLP<\/td><\/tr><tr><td>Ranea Sandoval, Ignacio Francisco<\/td><td>FCAG-UNLP\/CONICET<\/td><\/tr><tr><td>Rapoport, Juana Catalina<\/td><td>FaMAF-OAC<\/td><\/tr><tr><td>Regna, Tom\u00e1s Agust\u00edn<\/td><td>Instituto de Astrof\u00edsica de La Plata<\/td><\/tr><tr><td>Repetti, Santiago&nbsp;<\/td><td>Facultad de ciencias astron\u00f3micas y geof\u00edsicas, UNLP<\/td><\/tr><tr><td>Reyes S\u00e1nchez, Karla Patricia<\/td><td>Universidad de Nari\u00f1o<\/td><\/tr><tr><td>Reynaldi, Victoria<\/td><td>IALP<\/td><\/tr><tr><td>Ritacco, Mauro Juli\u00e1n<\/td><td>FCAGLP<\/td><\/tr><tr><td>Rizzo, Luc\u00eda<\/td><td>FCAGLP<\/td><\/tr><tr><td>Rodriguez, Mar\u00eda Eugenia<\/td><td>FaMAF<\/td><\/tr><tr><td>Rodriguez, Camila<\/td><td>FCAGLP, UNLP<\/td><\/tr><tr><td>Rodr\u00edguez Buss, Catalina Monserrat<\/td><td>Observatorio Astron\u00f3mico de C\u00f3rdoba (OAC), Facultad de Matem\u00e1tica, Astronom\u00eda, F\u00edsica y Computaci\u00f3n (FaMAF), Universidad Nacional de C\u00f3rdoba (UNC)<\/td><\/tr><tr><td>Rojas, Briana Aixa Nahir<\/td><td>FCAGLP<\/td><\/tr><tr><td>Rom\u00e1n Aguilar, Lili Michelle<\/td><td>Instituto de Astrof\u00edsica de La Plata<\/td><\/tr><tr><td>Romero, Gustavo Esteban<\/td><td>IAR<\/td><\/tr><tr><td>Ronco, Mar\u00eda Paula<\/td><td>Instituto de Astrof\u00edsica de La Plata<\/td><\/tr><tr><td>Rossignoli, Natalia Lorena<\/td><td>Instituto de Astrof\u00edsica de La Plata<\/td><\/tr><tr><td>Ruiz Diaz, Matias Agustin<\/td><td>IALP-CONICET<\/td><\/tr><tr><td>Saker, Leila&nbsp;<\/td><td>OAC-UNC<\/td><\/tr><tr><td>Salda\u00f1o, Hugo Pablo<\/td><td>Instituto de Investigaciones en Energ\u00eda no Convencional<\/td><\/tr><tr><td>Salomone, Horacio Daniel<\/td><td>Universidad Nacional de General Sarmiento<\/td><\/tr><tr><td>Salvadori Casali, Mar\u00eda Sara<\/td><td>FCAGLP&nbsp;<\/td><\/tr><tr><td>Saponara, Juliana<\/td><td>Instituto argentino de radioastronom\u00eda&nbsp;<\/td><\/tr><tr><td>Sarafoglu , Julieta<\/td><td>Facultad de Ciencias Astron\u00f3micas y Geof\u00edsicas (UNLP)<\/td><\/tr><tr><td>Scalia, Mar\u00eda Cecilia<\/td><td>Facultad de ciencias Astron\u00f3micas y Geof\u00edsicas<\/td><\/tr><tr><td>Schujman, Juliana Carolina<\/td><td>FCAGLP<\/td><\/tr><tr><td>Scoccola, Claudia<\/td><td>FCAGLP<\/td><\/tr><tr><td>Sesto, Leandro<\/td><td>CONICET-UNLP<\/td><\/tr><tr><td>Sevilla, Diego<\/td><td>FCEIA &#8211; UNR<\/td><\/tr><tr><td>Sosa, Cecilia Macarena&nbsp;<\/td><td>Universidad Nacional de la Plata&nbsp;<\/td><\/tr><tr><td>Suad, Laura Andrea<\/td><td>IAFE<\/td><\/tr><tr><td>Su\u00e1rez Amaya, Jessica Alejandra<\/td><td>Facultad de Ciencias Astron\u00f3micas y Geof\u00edsicas de la Plata<\/td><\/tr><tr><td>Sup\u00e1n, Leonardo<\/td><td>IAFE<\/td><\/tr><tr><td>Supanitsky, Alberto daniel<\/td><td>ITeDA<\/td><\/tr><tr><td>Torres, Andrea Fabiana<\/td><td>FCAG (UNLP) &#8211; IALP (CONICET-UNLP)<\/td><\/tr><tr><td>Vald\u00e9z, Juli\u00e1n&nbsp;<\/td><td>Facultad de Ciencias Astron\u00f3micas y Geof\u00edsicas de La Plata&nbsp;<\/td><\/tr><tr><td>Varela, Juan Pablo<\/td><td>ialp-fcag<\/td><\/tr><tr><td>Vasquez, Alberto Marcos<\/td><td>IAFE<\/td><\/tr><tr><td>Vega Neme, Luis<\/td><td>IATE-OAC<\/td><\/tr><tr><td>Vera Correbo, Lucio<\/td><td>FCAGLP<\/td><\/tr><tr><td>Verger, Gast\u00f3n<\/td><td>FCAGLP<\/td><\/tr><tr><td>Vieyro, Florencia Laura<\/td><td>Instituto Argentino de Radioastronom\u00eda<\/td><\/tr><tr><td>Vigh, Carlos Donato<\/td><td>Instituto de Ciencias, Universidad Nacional de General Sarmiento<\/td><\/tr><tr><td>Villagran Azuara, Marco Adrian<\/td><td>IAFE, UBA-CONICET<\/td><\/tr><tr><td>Villegas, Pedro Ger\u00f3nimo<\/td><td>Facultad de Ciencias Astron\u00f3micas y Geof\u00edsicas de La Plata<\/td><\/tr><tr><td>Vismdvtzky, Ayel\u00e9n<\/td><td>FCAGLP<\/td><\/tr><tr><td>Weiss, Joaquin<\/td><td>Facultad de Ciencias Astronomicas y Geofisicas, La Plata<\/td><\/tr><tr><td>West Ocampo, Lautaro<\/td><td>FCAG &#8211; UNLP<\/td><\/tr><tr><td>Yornet, Guillermo Fabian<\/td><td>ICATE<\/td><\/tr><tr><td>Zain, Patricio<\/td><td>IALP-FCAGLP<\/td><\/tr><tr><td>Zayas, Sofia Aldana<\/td><td>FCAGLP &#8211; UNLP<\/td><\/tr><tr><td>Zerbo, Mar\u00eda Candela<\/td><td>Instituto de Astronom\u00eda y F\u00edsica del Espacio (IAFE)<\/td><\/tr><tr><td>Zibecchi, Lorena Cecilia<\/td><td>IALP &#8211; CONICET<\/td><\/tr><tr><td>Zubieta, Ezequiel<\/td><td>Instituto Argentino de Radioastronom\u00eda<\/td><\/tr><tr><td>Zuloaga, Camila In\u00e9s<\/td><td>Observatorio Astron\u00f3mico de C\u00f3rdoba<\/td><\/tr><\/tbody><\/table><\/figure>\n","protected":false},"excerpt":{"rendered":"<p>Importante: se consideran inscriptos quienes hayan completado el formulario de inscripci\u00f3n y hayan abonado los cargos correspondientes. Abaroa, Leandro Instituto Argentino de Radioastronom\u00eda Abrevaya, Ximena IAFE Acosta, Victoria Facultad de Ciencias Astron\u00f3micas y Geof\u00edsicas, UNLP Ahumada, Javier Alejandro Observatorio Astron\u00f3mico de la Universidad Nacional de C\u00f3rdoba Aidelman, Yael Judith IALP (CONICET-UNLP) y FCAG (UNLP) Alberici, [&hellip;]<\/p>\n","protected":false},"author":1,"featured_media":0,"parent":0,"menu_order":0,"comment_status":"closed","ping_status":"closed","template":"","meta":{"footnotes":""},"_links":{"self":[{"href":"https:\/\/raaa66.iar.unlp.edu.ar\/index.php\/wp-json\/wp\/v2\/pages\/859"}],"collection":[{"href":"https:\/\/raaa66.iar.unlp.edu.ar\/index.php\/wp-json\/wp\/v2\/pages"}],"about":[{"href":"https:\/\/raaa66.iar.unlp.edu.ar\/index.php\/wp-json\/wp\/v2\/types\/page"}],"author":[{"embeddable":true,"href":"https:\/\/raaa66.iar.unlp.edu.ar\/index.php\/wp-json\/wp\/v2\/users\/1"}],"replies":[{"embeddable":true,"href":"https:\/\/raaa66.iar.unlp.edu.ar\/index.php\/wp-json\/wp\/v2\/comments?post=859"}],"version-history":[{"count":7,"href":"https:\/\/raaa66.iar.unlp.edu.ar\/index.php\/wp-json\/wp\/v2\/pages\/859\/revisions"}],"predecessor-version":[{"id":984,"href":"https:\/\/raaa66.iar.unlp.edu.ar\/index.php\/wp-json\/wp\/v2\/pages\/859\/revisions\/984"}],"wp:attachment":[{"href":"https:\/\/raaa66.iar.unlp.edu.ar\/index.php\/wp-json\/wp\/v2\/media?parent=859"}],"curies":[{"name":"wp","href":"https:\/\/api.w.org\/{rel}","templated":true}]}}