{"id":871,"date":"2024-08-20T08:54:56","date_gmt":"2024-08-20T11:54:56","guid":{"rendered":"https:\/\/raaa66.iar.unlp.edu.ar\/?page_id=871"},"modified":"2024-08-23T10:04:34","modified_gmt":"2024-08-23T13:04:34","slug":"posters","status":"publish","type":"page","link":"https:\/\/raaa66.iar.unlp.edu.ar\/index.php\/posters\/","title":{"rendered":"P\u00f3sters"},"content":{"rendered":"\n<h2 class=\"wp-block-heading\">P\u00f3sters<\/h2>\n\n\n\n<p class=\"has-background has-medium-font-size\" style=\"background-color:#d4d4f1\"><strong>Importante: <\/strong>Las contribuciones orales (charlas cortas) tendr\u00e1n una duraci\u00f3n de 12 minutos (10\u2019 de charla m\u00e1s 2\u2019 de preguntas). Los p\u00f3sters podr\u00e1n tener como m\u00e1ximo 80 cm de ancho y 90 cm de alto.<\/p>\n\n\n\n<p class=\"has-medium-font-size\">Abaroa, L.: <em>Superaccreting microquasars as PeVatrons<\/em><br>Aidelman, Y.: <em>Revisi\u00f3n de la evoluci\u00f3n del espectro de mu Centauri: datos hist\u00f3ricos digitalizados por el proyecto ReTrOH<\/em><br>Alacoria, J.: <em>Probando escenarios de formaci\u00f3n de lambda Bootis utilizando sistemas binarios<\/em><br>Alvarez, V.: <em>El impacto de las barras en la actividad AGN<\/em><br>Ans\u00edn, T.: <em>Determinaci\u00f3n de par\u00e1metros fundamentales de estrellas Wolf-Rayet en sistemas binarios eclipsantes<\/em><br>Araujo Furlan, S. B.: <em>Follow up of the study of magnetar XTE J1810-197<\/em><br>Astudillo, J.: <em>Rol de la transferencia de masa en progenitores de ondas gravitacionales<\/em><br>Baracchi, M. A. J.: <em>Estudio detallado de la atm\u00f3sfera de WASP-39 b utilizando el c\u00f3digo POSEIDON y datos del JWST<\/em><br>Baume, G.: <em>Estudio de la estructura interna de los c\u00famulos estelares del Puente de Magallanes<\/em><br>Baume, G.: <em>Poblaciones estelares y agrupaciones en las Nubes de Magallanes<\/em><br>Biaus, L.: <em>Kinematic patterns of the enriched gas phase in the Local Group Hestia simulations<\/em><br>Boeris, C. E.: <em>A historical review of outreach activities at the Argentine Institute of Radio Astronomy (IAR)<\/em><br>Boland, A.: <em>An\u00e1lisis multifrecuencia de la regi\u00f3n Sh2-162<\/em><br>Boland, A.: <em>Los colores del proceso de ensamble de las galaxias el\u00edpticas masivas: fotometr\u00eda \u00f3ptica\/IR de NGC 1395<\/em><br>Brand\u00e3o, D.: <em>Elliptical Galaxies in the Fornax Cluster through S-PLUS Data<\/em><br>Brook, M.: <em>Estudio qu\u00edmico del entorno de la regi\u00f3n H II ultracompacta G045.47+0.05<\/em><br>Burrafato, Y. D.: <em>Linking the chemical abundances of galaxies to their formation paths<\/em><br>Butr\u00f3n, R.: <em>Nuevos diagramas diagn\u00f3sticos de edad y metalicidad<\/em><br>Cabral-Fontes, R.: <em>Deriving a bias-corrected IMF for oriCC-1 from 0.05 to 8 Msun using public data<\/em><br>Callen, A. R.: <em>Determinaci\u00f3n de miembros del c\u00famulo abierto NGC 2910<\/em><br>Camperi, J. A.: <em>Brazos y barra de NGC 253<\/em><br>Carvalho, L.: <em>Cascadas electromagn\u00e9ticas en el medio intergal\u00e1ctico primordial<\/em><br>Castagnino, J.: <em>Automatic image segmentation of galaxies and strong gravitational lenses with deep learning<\/em><br>Celi, M. O.: <em>Multiquarks en estrellas de neutrones<\/em><br>Cochetti, Y. R.: <em>\u00a1Ahora con m\u00e1s l\u00edneas! Modelado del espectro IR de las estrellas Be MX Pup y pi Aqr<\/em><br>Colazo, A. V.: <em>Evoluci\u00f3n de la alineaci\u00f3n de galaxias centrales en la simulaci\u00f3n hidrodin\u00e1mica IllustrisTNG<\/em><br>Contreras, V.: <em>B\u00fasqueda de nuevas estrellas simbi\u00f3ticas en la V\u00eda L\u00e1ctea usando t\u00e9cnicas de aprendizaje autom\u00e1tico<\/em><br>Correa, A. E.: <em>\u00bfPueden sistemas con J\u00fapiters fr\u00edos en torno a estrellas de baja masa albergar s\u00faper-Tierras?<\/em><br>C\u00f3rsico, A. H.: <em>Estudio comparativo de los m\u00e9todos de determinaci\u00f3n de masas de estrellas enanas blancas pulsantes<\/em><br>Costanza, M. B.: <em>Wiener Filter para mapas de polarizaci\u00f3n del Fondo C\u00f3smico de Radiaci\u00f3n utilizando redes neuronales y estimaci\u00f3n del espectro de potencias<\/em><br>Crisci, E. O.: <em>Formaci\u00f3n de galaxias lenticulares en la simulaci\u00f3n TNG50<\/em><br>Cristiani, G. D.: <em>Efecto Neupert &#8211; An\u00e1lisis discriminado seg\u00fan propiedades f\u00edsicas de la fulguraci\u00f3n<\/em><br>Cruz-Sanchez, N.: <em>LARGE Observations of the ULX sources ESO 501-023 and IC 5052 with XMM-Newton and NuSTAR<\/em><br>De Biasi, M. S.: <em>Teacher Training Program (TTP) desarrollado por NAEC Argentina<\/em><br>Deluca, A.: <em>Restringiendo la masa de part\u00edculas en halos fermi\u00f3nicos, mediante las masas de agujeros negros y de sistemas de c\u00famulos globulares<\/em><br>Diaz, C. G.: <em>Sistema valorativo para la preparaci\u00f3n de solicitudes de tiempo de telescopio del Observatorio Gemini<\/em><br>Di Gregorio, C.: <em>Redescubriendo observaciones hist\u00f3ricas: construcci\u00f3n de una base de datos en el proyecto ReTrOH<\/em><br>Escobar, G. J.: <em>El microcu\u00e1sar SS 433 como fuente de rayos c\u00f3smicos<\/em><br>Escobar, G. J.: <em>Rayos c\u00f3smicos gal\u00e1cticos producidos en microcu\u00e1sares<\/em><br>Escudero, M. C.: <em>Interacciones en el grupo de galaxias LGG 138<\/em><br>Faifer, F. R.: <em>Arqueolog\u00eda extragal\u00e1ctica: reconstruyendo el pasado de una gigante<\/em><br>Feinstein, C.: <em>The structure and shape of binary open clusters<\/em><br>Fern\u00e1ndez Laj\u00fas, E.: <em>EBIN: C\u00f3digo para modelar sistemas binarios eclipsantes<\/em><br>Fern\u00e1ndez L\u00f3pez, M. <em>Outflows and inflows: an ALMA story about the massive protostars in the GGD27 system<\/em><br>Fernandez, M. C.: <em>Binarity of B[e] and B supergiants using Proper Motion Anomaly with Gaia data<\/em><br>Fern\u00e1ndez, M. C.: <em>Where the stellar wind impinges the interstellar medium<\/em><br>Fernandez, S.: <em>Estudio evolutivo del sistema binario PSR J1012 &#8211; 4235<\/em><br>Ferrero, L. V.: <em>Caracterizaci\u00f3n multifrecuencia de HH 138<\/em><br>Folgueira-L\u00f3pez, M.: <em>Modelo IAU de nutaci\u00f3n terrestre: 25 a\u00f1os de evoluci\u00f3n y perspectivas<\/em><br>Gallardo C\u00e1ceres, M. C.: <em>Non-thermal radiation from stellar bowshocks in windy AGNs<\/em><br>Garc\u00eda, A. L.: <em>An\u00e1lisis fotom\u00e9trico de una decena de c\u00famulos abiertos gal\u00e1cticos<\/em><br>Garc\u00eda, R. S.: <em>Estudio del cometa C\/2017 K2 (PanStarrs) a trav\u00e9s de perspectivas y metodolog\u00edas diversas<\/em><br>Giorgi, E. E.: <em>Estudio de c\u00famulos abiertos posiblemente relacionados<\/em><br>Girola Schneider, R.: <em>T\u00e9cnicas de clasificaci\u00f3n de sistemas binarios interactuantes de alta masa. Uso de la validaci\u00f3n cruzada<\/em><br>Godoy, J. P.: <em>Galaxias tempranas con formaci\u00f3n estelar reciente: \u00bfC\u00f3mo se form\u00f3 NGC 4382?<\/em><br>Gomes, E. N.: <em>Evoluci\u00f3n de espectros de familias de asteroides de tipo S con los datos de Gaia<\/em><br>Granada, A.: <em>Determinaci\u00f3n de velocidades de rotaci\u00f3n proyectadas en estrellas B del c\u00famulo abierto NGC 6834<\/em><br>Guilera, O. M.: <em>Formaci\u00f3n de planetesimales y planetas en m\u00e1ximos de presi\u00f3n transitorios<\/em><br>Haack, R. F.: <em>Estimaci\u00f3n de redshifts fotom\u00e9tricos en direcci\u00f3n al c\u00famulo de Fornax con S-PLUS + LePhare<\/em><br>Holzmann Airasca, A.: <em>Problematic quantum aspects of inflationary cosmology<\/em><br>Hormaeche, C. S. B.: <em>Im\u00e1genes directas obtenidas en la EABA<\/em><br>Isa, Nicolas M. <em>Simulaci\u00f3n Num\u00e9rica de Galaxias Interactuantes y Descomposici\u00f3n Din\u00e1mica<\/em><br>Iza, F. G.: <em>The distribution of metals in simulated Milky Way-mass<\/em><br>Lloveras, D. G.: <em>Validaci\u00f3n observacional de la simulaci\u00f3n de una ECM mediante reconstrucci\u00f3n tomograf\u00edca y red neuronal profunda<\/em><br>Lo Grasso, M.: <em>Candidatos a planetas Hic\u00e9anos: Caracter\u00edsticas de estrellas y planetas<\/em><br>Lopez Araujo, K. F.: <em>A weak solar infra-red flare<\/em><br>Lopez, F. M.: <em>Estudio de flares intensos observados en 30 THz en la regi\u00f3n activa AR12673<\/em><br>L\u00f3pez, L. D.: <em>Characterization of candidates for Milky Way progenitors at high redshifts<\/em><br>Lozano, E.: <em>Enhanced sub-resolution star formation models in hydrodynamical cosmological simulations<\/em><br>Luna, G. J. M.: <em>The recurrent and soon-to-be-even-more-famous nova T Coronae Borealis<\/em><br>Makler, M.: <em>Early findings of the LaStBeR: tagging, modeling, and applications of a large Strong Lensing sample<\/em><br>Marano Skreblin, N. C.: <em>Collapse of neutron stars in supercritical accretion disks<\/em><br>Mariani, M.: <em>Estrellas h\u00edbridas estables lentas: una posible explicaci\u00f3n para el objeto compacto HESS J1731-347<\/em><br>Mart\u00edn, R. C.: <em>Estudio de cuatro c\u00famulos abiertos a partir de fotometr\u00eda de GAIA<\/em><br>Mart\u00ednez-Bezoky, A.: <em>Estudio del c\u00famulo globular NGC6316 a partir de su espectro integrado de la biblioteca WAGGS<\/em><br>Mart\u00ednez, C. F.: <em>Variabilidad en binarias activas: correlaci\u00f3n entre la metalicidad y la actividad estelar<\/em><br>Mart\u00ednez, C. I.: <em>BiSpeD: Binary Spectral Disentangling applied to binary low-mass stars searching<\/em><br>Mart\u00ednez, C. I.: <em>SeCRet: Semi C\u00fapula Retr\u00e1ctil para telescopio solar HAT<\/em><br>Mart\u00ednez, N. C.: <em>Empleando term\u00f3metros qu\u00edmicos para caracterizar regiones de formaci\u00f3n estelar<\/em><br>Masini, L.: <em>Determinaci\u00f3n de par\u00e1metros fotom\u00e9tricos del sistema de Sloan con el telescopio Jorge Sahade del CASLEO<\/em><br>Melita, M. D.: <em>Una pipeline de reducci\u00f3n autom\u00e1tica de curvas de luz, en diferentes filtros, para asteroides catalogados<\/em><br>Mendez Llorca, A.: <em>Observaciones muy tempranas de supernovas Tipo II<\/em><br>Mendez, C. C.: <em>H_2 column density in the Small Magellanic Cloud<\/em><br>Mercanti, L. V.: <em>Modeling tracers of circumstellar environments around B[e] stars<\/em><br>Merlo Azzolina, L.: <em>Estudio de los saltos de flujo en las cadenas de datos del telescopio QUBIC<\/em><br>Merlo, D. C.: <em>Campa\u00f1as, resultados y vivencias de observaci\u00f3n de eclipses solares realizados por dos observatorios argentinos<\/em><br>Milicich, M. A.: <em>An\u00e1lisis espectrofotom\u00e9trico del sistema binario HD 93130<\/em><br>Moreno, J. A.: <em>Eclipses a la vista en el sistema triple masivo Herschel 36 A<\/em><br>Nowogrodzki, K.: <em>Inserci\u00f3n y extracci\u00f3n de eventos de microlentes en im\u00e1genes simuladas de Rubin LSST<\/em><br>Nowogrodzki, K.: <em>Seguimiento de eventos de microlentes en CASLEO<\/em><br>Nuevo, F. A.: <em>Reconstruyendo la velocidad 3D del viento solar en la corona intermedia con el coron\u00f3grafo Metis<\/em><br>Nuza, S. E.: <em>The rise and fall of radio-luminous merger shocks from a large sample of galaxy cluster simulations<\/em><br>Ocampo, M. M.: <em>Revisiting astrophysical bounds on continuous spontaneous localization models<\/em><br>Orellana, M.: <em>SN2023ixf: lessons from a nearby supernova<\/em><br>Ottero, N.: <em>Aplicaci\u00f3n de t\u00e9cnicas de aprendizaje autom\u00e1tico para el an\u00e1lisis de curvas de luz infrarrojas de estrellas de carbono<br><\/em>Panei, J. A.: <em>Una nueva ley de p\u00e9rdida de masa para estrellas O y B<\/em><br>Par\u00f3n, S.: <em>Estudio de la qu\u00edmica sulfurada en los estadios tempranos de la formaci\u00f3n estelar<\/em><br>Perren, G. I.: <em>Mass determinations of open clusters with Gaia data<\/em><br>Pichel, A.: <em>Identifying Galaxies in the Unidentified Gamma-Ray Sources from the HAWC Catalog<\/em><br>Pina, M.: <em>Estudio qu\u00edmico de un n\u00facleo molecular activo hacia el objeto estelar joven MSX G030.1981-00.1691<\/em><br>Pintos, I.: <em>Evolution of a black hole gas in a bouncing universe<\/em><br>Poisson, M.: <em>Estimaci\u00f3n del \u00e1ngulo de tilt de regiones activas del Ciclo Solar 23<\/em><br>Rapoport, J. C.: <em>An\u00e1lisis de sesgos secundarios en simulaciones cosmol\u00f3gicas con Omega_M variable<\/em><br>Rodr\u00edguez-Buss, C. M.: <em>Espectroscop\u00eda integrada de cuatro c\u00famulos estelares ubicados en las afueras de la Nube<\/em><br>Rodr\u00edguez-Buss, C. M.: <em>Spectral characterization of the star cluster NGC 2030 and its relation to the supernova remnant N63A<\/em><br>Rodr\u00edguez, M. C.: <em>Oscilaciones de proto-estrellas de neutrones<\/em><br>Rod\u00edguez, M. E.: <em>Clasificaci\u00f3n y Caracterizaci\u00f3n de Exoplanetas en la Zona de Habitabilidad: Identificaci\u00f3n de Candidatos Prometedores para la B\u00fasqueda de Vida<br><\/em>Ruiz D\u00edaz, M. A.: <em>Variabilidad espectral a largo plazo de HD 41117<\/em><br>Salinas, L. I.: <em>Stellar dynamics in the vicinity of supermassive black holes with supercritical accretion regimes<\/em><br>Salomone, H. D.: <em>Hurst exponent and planetary rings<\/em><br>Samir, R. M.: <em>The color-magnitude relation in the Fornax and Antlia galaxy clusters as seen by the 12 bands of S-PLUS<\/em><br>Sesto, L.: <em>Gemini Argentina: Facilidades destacadas en el semestre 2024B<\/em><br>Sesto, L.: <em>Huellas de fusiones gal\u00e1cticas: En la b\u00fasqueda de sistemas estelares j\u00f3venes<\/em><br>Sevilla, D. J. R.: <em>Comparaci\u00f3n de la emisividad de neutrinos por diferentes procesos en estrellas de neutrones<\/em><br>Stasyszyn, F. A.: Cosmological simulations of primordial magnetic field evolution<br>Tapia-Reina, M. I.: <em>spyctral: Optimizaci\u00f3n del flujo de trabajo en an\u00e1lisis espectrosc\u00f3pico estelar<\/em><br>Varela, J. P.: <em>El pasado ca\u00f3tico de NGC 4546 vs. la evoluci\u00f3n pac\u00edfica de sus estrellas<\/em><br>Vega Neme, L.: <em>Spectroscopy of the active nucleus of SDSS J092613.80+065056.4<\/em><br>Villarreal, C.: <em>The escaping atmosphere of an icy giant planet around WDJ0914+1914<\/em><br>West Ocampo, L.: <em>Estudio en rayos X del sistema binario IGR J17503-2636<\/em><br>Yaryura, C. Y.: <em>Una descripci\u00f3n alternativa de la red c\u00f3smica<\/em><br>Zerbo, M. C.: <em>Vinculaci\u00f3n entre formaci\u00f3n estelar, contenido de polvo y metalicidad en la evoluci\u00f3n de galaxias<\/em><br>Zuloaga, C.: <em>Estudio qu\u00edmico y cinem\u00e1tico de una gigante roja del halo a partir de espectros Gemini-GRACES<\/em><\/p>\n","protected":false},"excerpt":{"rendered":"<p>P\u00f3sters Importante: Las contribuciones orales (charlas cortas) tendr\u00e1n una duraci\u00f3n de 12 minutos (10\u2019 de charla m\u00e1s 2\u2019 de preguntas). Los p\u00f3sters podr\u00e1n tener como m\u00e1ximo 80 cm de ancho y 90 cm de alto. Abaroa, L.: Superaccreting microquasars as PeVatronsAidelman, Y.: Revisi\u00f3n de la evoluci\u00f3n del espectro de mu Centauri: datos hist\u00f3ricos digitalizados por [&hellip;]<\/p>\n","protected":false},"author":1,"featured_media":0,"parent":0,"menu_order":0,"comment_status":"closed","ping_status":"closed","template":"","meta":{"footnotes":""},"_links":{"self":[{"href":"https:\/\/raaa66.iar.unlp.edu.ar\/index.php\/wp-json\/wp\/v2\/pages\/871"}],"collection":[{"href":"https:\/\/raaa66.iar.unlp.edu.ar\/index.php\/wp-json\/wp\/v2\/pages"}],"about":[{"href":"https:\/\/raaa66.iar.unlp.edu.ar\/index.php\/wp-json\/wp\/v2\/types\/page"}],"author":[{"embeddable":true,"href":"https:\/\/raaa66.iar.unlp.edu.ar\/index.php\/wp-json\/wp\/v2\/users\/1"}],"replies":[{"embeddable":true,"href":"https:\/\/raaa66.iar.unlp.edu.ar\/index.php\/wp-json\/wp\/v2\/comments?post=871"}],"version-history":[{"count":9,"href":"https:\/\/raaa66.iar.unlp.edu.ar\/index.php\/wp-json\/wp\/v2\/pages\/871\/revisions"}],"predecessor-version":[{"id":940,"href":"https:\/\/raaa66.iar.unlp.edu.ar\/index.php\/wp-json\/wp\/v2\/pages\/871\/revisions\/940"}],"wp:attachment":[{"href":"https:\/\/raaa66.iar.unlp.edu.ar\/index.php\/wp-json\/wp\/v2\/media?parent=871"}],"curies":[{"name":"wp","href":"https:\/\/api.w.org\/{rel}","templated":true}]}}